{"id":2111,"date":"2014-04-08T21:30:36","date_gmt":"2014-04-08T21:30:36","guid":{"rendered":"http:\/\/captivademo.commercegurus.com\/?page_id=2111"},"modified":"2017-04-06T17:33:17","modified_gmt":"2017-04-06T16:33:17","slug":"servicios","status":"publish","type":"page","link":"https:\/\/www.estufasandaluzas.com\/tiendaonline\/servicios\/","title":{"rendered":"SERVICIOS"},"content":{"rendered":"<p>[vc_row type=&#8221;full_page_width&#8221; padding_top=&#8221;&#8221; padding_bottom=&#8221;&#8221; css=&#8221;.vc_custom_1422272260257{margin-bottom: 0px !important;background-color: #222222 !important;}&#8221;][vc_column width=&#8221;1\/2&#8243; css=&#8221;.vc_custom_1422270446156{padding-right: 0px !important;}&#8221;][vc_empty_space height=&#8221;65px&#8221;][vc_column_text css=&#8221;.vc_custom_1491072259442{margin-bottom: 25px !important;padding-left: 45px !important;}&#8221;]<\/p>\n<h1><span style=\"color: #ffffff;\">Que Ofrece Estufas Andaluzas?<\/span><\/h1>\n<p>[\/vc_column_text][vc_column_text css_animation=&#8221;top-to-bottom&#8221; css=&#8221;.vc_custom_1491155136577{padding-right: 45px !important;padding-left: 45px !important;}&#8221;]<span style=\"font-family: Arial, sans-serif; font-size: 12pt; color: #ffffff;\">Estufas Andaluzas es una empresa de servicios con m\u00e1s de15 a\u00f1os de experiencia en la comercializaci\u00f3n, instalaci\u00f3n y reparaci\u00f3n de todo tipo de chimeneas de le\u00f1a y calderas de biomasa.<\/span><\/p>\n<p><span style=\"font-family: Arial, sans-serif; font-size: 12pt; color: #ffffff;\">Las marcas de chimeneas de le\u00f1a y estufas que distribuimos en exclusiva nos permiten ofrecer el m\u00e1s amplio abanico de productos del mercado.<\/span><\/p>\n<p><span style=\"font-size: 12pt; color: #ffffff;\">Ofrecemos el mantenimiento y respuestos de su sistema de calefacci\u00f3n de forma r\u00e1pida y segura.<\/span><\/p>\n<p><strong><span style=\"font-size: 12pt; color: #ffffff;\">Nos transladamos a toda la comunidad andaluza.<\/span><\/strong>[\/vc_column_text][vc_empty_space height=&#8221;20px&#8221;][\/vc_column][vc_column width=&#8221;1\/2&#8243; css=&#8221;.vc_custom_1422270438317{padding-left: 0px !important;}&#8221;][vc_empty_space height=&#8221;65px&#8221;][vc_single_image image=&#8221;71052&#8243; img_size=&#8221;350&#215;350&#8243; alignment=&#8221;center&#8221;][\/vc_column][\/vc_row][vc_row type=&#8221;full_page_width&#8221; padding_top=&#8221;&#8221; padding_bottom=&#8221;&#8221; css=&#8221;.vc_custom_1491153715440{margin-right: 60px !important;margin-bottom: 0px !important;padding-left: 0px !important;background-color: #ffffff !important;}&#8221;][vc_column width=&#8221;1\/2&#8243; css=&#8221;.vc_custom_1422270078920{padding-right: 0px !important;}&#8221;][vc_single_image image=&#8221;70967&#8243; img_size=&#8221;300&#215;300&#8243; alignment=&#8221;center&#8221; css=&#8221;.vc_custom_1491074128402{margin-top: 30px !important;}&#8221;][\/vc_column][vc_column width=&#8221;1\/2&#8243; css=&#8221;.vc_custom_1422876315678{padding-top: 50px !important;padding-left: 30px !important;}&#8221;][vc_row_inner css=&#8221;.vc_custom_1422877091556{margin-bottom: 15px !important;padding-right: 0px !important;padding-left: 0px !important;}&#8221;][vc_column_inner css=&#8221;.vc_custom_1422875509986{margin-bottom: 10px !important;}&#8221;][vc_column_text css=&#8221;.vc_custom_1491153583739{margin-top: 0px !important;margin-bottom: 0px !important;}&#8221;]<\/p>\n<h3><span style=\"font-family: 'arial black', sans-serif;\">SERVICIOS<\/span><\/h3>\n<p>[\/vc_column_text][\/vc_column_inner][\/vc_row_inner][vc_row_inner css=&#8221;.vc_custom_1422876680052{margin-bottom: 15px !important;padding-right: 0px !important;padding-left: 0px !important;}&#8221;][vc_column_inner width=&#8221;1\/6&#8243; css=&#8221;.vc_custom_1422875521419{margin-bottom: 10px !important;}&#8221;][vc_icon type=&#8221;linecons&#8221; icon_linecons=&#8221;vc_li vc_li-pen&#8221; color=&#8221;green&#8221; background_style=&#8221;rounded-outline&#8221; css_animation=&#8221;left-to-right&#8221;][\/vc_column_inner][vc_column_inner width=&#8221;5\/6&#8243;][vc_column_text css_animation=&#8221;right-to-left&#8221;]<strong>VENTA<\/strong><br \/>\nDisponemos de estufas de pellets y le\u00f1a de las marcas EcoForest y Brompi asi como de sus repuestos[\/vc_column_text][\/vc_column_inner][\/vc_row_inner][vc_row_inner css=&#8221;.vc_custom_1422876689964{margin-bottom: 15px !important;padding-right: 0px !important;padding-left: 0px !important;}&#8221;][vc_column_inner width=&#8221;1\/6&#8243; css=&#8221;.vc_custom_1422875528876{margin-bottom: 10px !important;}&#8221;][vc_icon type=&#8221;linecons&#8221; icon_linecons=&#8221;vc_li vc_li-truck&#8221; color=&#8221;green&#8221; background_style=&#8221;rounded-outline&#8221; css_animation=&#8221;left-to-right&#8221;][\/vc_column_inner][vc_column_inner width=&#8221;5\/6&#8243;][vc_column_text css_animation=&#8221;right-to-left&#8221;]<b>INSTALACION<\/b><br \/>\nRealizamos la instalaci\u00f3n completa de su estufa o chimenea asi como realizamos revisiones para su \u00f3ptimo funcionamiento[\/vc_column_text][\/vc_column_inner][\/vc_row_inner][vc_row_inner css=&#8221;.vc_custom_1491153649903{margin-bottom: 60px !important;padding-right: 0px !important;padding-left: 0px !important;}&#8221;][vc_column_inner width=&#8221;1\/6&#8243; css=&#8221;.vc_custom_1422875509986{margin-bottom: 10px !important;}&#8221;][vc_icon type=&#8221;linecons&#8221; icon_linecons=&#8221;vc_li vc_li-fire&#8221; color=&#8221;green&#8221; background_style=&#8221;rounded-outline&#8221; css_animation=&#8221;left-to-right&#8221;][\/vc_column_inner][vc_column_inner width=&#8221;5\/6&#8243;][vc_column_text css_animation=&#8221;right-to-left&#8221;]<strong>REPARACIONES<\/strong><br \/>\nRealizamos la reparaci\u00f3n de su instalaci\u00f3n asi como la sustituci\u00f3n de piezas nuevas. Somos Servicio T\u00e9cnico Autorizado (STA) de las marca EcoForest y Brompi[\/vc_column_text][\/vc_column_inner][\/vc_row_inner][\/vc_column][\/vc_row][vc_row type=&#8221;full_page_width&#8221; padding_top=&#8221;&#8221; padding_bottom=&#8221;&#8221; css=&#8221;.vc_custom_1422288513798{margin-bottom: 0px !important;background-color: #519d42 !important;}&#8221;][vc_column width=&#8221;1\/2&#8243; css=&#8221;.vc_custom_1422270446156{padding-right: 0px !important;}&#8221;][vc_empty_space height=&#8221;65px&#8221;][vc_column_text css=&#8221;.vc_custom_1491074873237{margin-bottom: 25px !important;padding-left: 45px !important;}&#8221;]<\/p>\n<h2><span style=\"color: #ffffff;\">C\u00f3mo realizaremos su instalaci\u00f3n<\/span><\/h2>\n<p>[\/vc_column_text][vc_column_text css_animation=&#8221;top-to-bottom&#8221; css=&#8221;.vc_custom_1422271429016{padding-right: 45px !important;padding-left: 45px !important;}&#8221;]<span style=\"color: #ffffff;\">Proin dignissim commodo velit a venenatis. Pellentesque mollis faucibus posuere. Vestibulum sagittis sapien lacus, at pharetra lorem porttitor eu. Integer fringilla tellus nec pellentesque congue.<\/span><\/p>\n<p><span style=\"color: #ffffff;\">Donec orci massa, facilisis in ligula quis, facilisis molestie purus. Nunc ipsum eros, dignissim a cursus vel, dignissim eget lectus. In id sollicitudin lacus, vel dignissim orci. Pellentesque et faucibus sem, eget pretium est. Quisque et quam at erat lobortis convallis.<\/span>[\/vc_column_text][vc_empty_space height=&#8221;20px&#8221;][\/vc_column][vc_column width=&#8221;1\/2&#8243; css=&#8221;.vc_custom_1422270438317{padding-left: 0px !important;}&#8221;][vc_single_image image=&#8221;71061&#8243; img_size=&#8221;full&#8221; css_animation=&#8221;appear&#8221;][\/vc_column][\/vc_row][vc_row type=&#8221;full_page_width_inner_container&#8221; padding_top=&#8221;&#8221; padding_bottom=&#8221;&#8221; css=&#8221;.vc_custom_1422289157213{margin-bottom: 0px !important;padding-top: 75px !important;padding-bottom: 35px !important;background-color: #f8f8f8 !important;}&#8221;][vc_column width=&#8221;1\/6&#8243;][\/vc_column][vc_column width=&#8221;2\/3&#8243;][vc_column_text css=&#8221;.vc_custom_1491074262804{margin-bottom: 45px !important;}&#8221;]<\/p>\n<h2 style=\"text-align: center;\">Preguntas m\u00e1s Frecuentes<\/h2>\n<p>Aqui intentamos solucionar algunas de las preguntas que en m\u00e1s ocasiones nos han realizado nuestros clientes. Esperamos les pueda ayudar[\/vc_column_text][vc_row_inner][vc_column_inner width=&#8221;1\/2&#8243; css=&#8221;.vc_custom_1422876420449{margin-bottom: 20px !important;}&#8221;][vc_toggle title=&#8221;\u00bfC\u00f3mo funciona exactamente una estufa de pellets?&#8221; style=&#8221;round_outline&#8221; color=&#8221;green&#8221;]Las calderas y <strong>estufas de pellets<\/strong> tienen un funcionamiento totalmente autom\u00e1tico, con programador horario y termostato ambiente, es decir, con automatizaci\u00f3n de las funciones de encendido y apagado. Dependiendo de la capacidad del dep\u00f3sito y del sistema, se deber\u00e1 cargar m\u00e1s o menos frecuentemente la caldera o estufa con los pellets. Su dise\u00f1o confiere confort al sal\u00f3n un ambiente agradable y acogedor.[\/vc_toggle][vc_toggle title=&#8221;\u00bfQu\u00e9 son los pellets?&#8221; style=&#8221;round_outline&#8221; color=&#8221;green&#8221;]Los pellets son peque\u00f1os cilindros hechos de madera residual, serrines y virutas prensados sin ning\u00fan tipo de aditivo ni aglomerante, provenientes de la agricultura, residuos industriales y\/o municipales. Su nivel de humedad es muy bajo y requieren de muy poco espacio de almacenamiento. Para producir la misma cantidad de calor, 2 kg de pellets equivalen a 1 litro de gasoil.[\/vc_toggle][vc_toggle title=&#8221;\u00bfPara qu\u00e9 sirven los pellets?&#8221; style=&#8221;round_outline&#8221; color=&#8221;green&#8221;]Los pellets pueden ser tanto una fuente de producci\u00f3n de energ\u00eda t\u00e9rmica como de energ\u00eda el\u00e9ctrica. Pero por lo general, son <strong>mucho m\u00e1s eficientes para producir calor gracias a su elevado poder calor\u00edfico<\/strong> (pueden llegar a los 4,9kWh\/Kg).[\/vc_toggle][vc_toggle title=&#8221;\u00bfQu\u00e9 mantenimiento necesita una estufa de pellets?&#8221; style=&#8221;round_outline&#8221; color=&#8221;green&#8221; el_id=&#8221;1491074383050-923971f0-3601&#8243;]\u00danicamente habr\u00e1 que limpiarles las cenizas acumuladas una vez por semana, con la ayuda de un aspirador. Una vez al a\u00f1o se efectuar\u00e1 una limpieza a fondo para retirar las cenizas acumuladas en los distintos conductos del equipo.[\/vc_toggle][\/vc_column_inner][vc_column_inner width=&#8221;1\/2&#8243;][vc_toggle title=&#8221;\u00bfQu\u00e9 ventajas tienen los pellets?&#8221; style=&#8221;round_outline&#8221; color=&#8221;green&#8221;]<\/p>\n<ul>\n<li>Se utilizan residuos de otras actividades y esto favorece la canalizaci\u00f3n de los excedentes agr\u00edcolas.<\/li>\n<li>El precio los pellets es estable y no se ver\u00e1 afectado por el aumento progresivo del precio que sufrir\u00e1n los combustibles derivados del petr\u00f3leo o el gas.<\/li>\n<li>Al tratarse de reutilizaci\u00f3n de materia agr\u00edcola, esta puede provenir de la misma regi\u00f3n donde est\u00e1 la estufa, fomentando la econom\u00eda local.<\/li>\n<li>No presentan riesgo de explosi\u00f3n.<\/li>\n<li>No son vol\u00e1tiles.<\/li>\n<li>No producen olores.<\/li>\n<li>No presentan tampoco ning\u00fan riesgo para la salud en caso de fuga o vertido.<\/li>\n<li>Para producir el mismo calor, el pellet almacenado ocupa unas tres veces menos en volumen que la le\u00f1a.<\/li>\n<\/ul>\n<p>[\/vc_toggle][vc_toggle title=&#8221;\u00bfDurante cu\u00e1nto tiempo se pueden guardar los pellets?&#8221; style=&#8221;round_outline&#8221; color=&#8221;green&#8221;]Siempre que se guarden en un lugar seco, <strong>no tienen l\u00edmite de tiempo de almacenamiento.<\/strong>[\/vc_toggle][vc_toggle title=&#8221;\u00bfQu\u00e9 instalaci\u00f3n requiere una estufa de pellets?&#8221; style=&#8221;round_outline&#8221; color=&#8221;green&#8221;]Una estufa de pellets sirve para calentar la estancia de la casa u oficina donde se sit\u00faa, como complemento ideal para nuestro sistema de calefacci\u00f3n existente. Sobre todo para esas estancias que necesitan ser calentadas r\u00e1pidamente y sin mucho gasto, despu\u00e9s de pasarnos todo el d\u00eda fuera de casa. Simplemente requiere tener acceso a una salida de humos. La instalaci\u00f3n es sencilla en peque\u00f1os consumos (viviendas unifamiliares, residenciales u oficinas). <strong>Para potencias y consumos m\u00e1s elevados, se requiere hacer una instalaci\u00f3n en una sala destinada a una<\/strong> <strong>caldera de biomasa<\/strong>.[\/vc_toggle][vc_toggle title=&#8221;\u00bfQu\u00e9 beneficios ambientales tiene la calefacci\u00f3n con pellets?&#8221; style=&#8221;round_outline&#8221; color=&#8221;green&#8221; el_id=&#8221;1491074392538-be9542bb-b585&#8243;]La calefacci\u00f3n con pellets colabora en la reducci\u00f3n de gases de efecto invernadero en la atm\u00f3sfera. Adem\u00e1s, los pellets no contienen azufre, por lo que disminuye la lluvia \u00e1cida. Se fomenta tambi\u00e9n la limpieza de montes y se evitan incendios al recogerse los residuos de podas o limpiezas. Finalmente, la ceniza que producen es totalmente biodegradable y puede ser utilizada como abono.[\/vc_toggle][\/vc_column_inner][\/vc_row_inner][\/vc_column][vc_column width=&#8221;1\/6&#8243;][\/vc_column][\/vc_row][vc_row type=&#8221;container&#8221; padding_top=&#8221;&#8221; padding_bottom=&#8221;&#8221; css=&#8221;.vc_custom_1422270847951{margin-top: 65px !important;margin-bottom: 0px !important;}&#8221;][vc_column][vc_column_text css=&#8221;.vc_custom_1491075232656{margin-bottom: 25px !important;}&#8221;]<\/p>\n<h2>ESTUFAS ANDALUZAS<\/h2>\n<h3>Nuestro trabajo en gr\u00e1ficas<\/h3>\n<p>[\/vc_column_text][\/vc_column][\/vc_row][vc_row type=&#8221;container&#8221; padding_top=&#8221;&#8221; padding_bottom=&#8221;&#8221; css=&#8221;.vc_custom_1422270858147{margin-bottom: 50px !important;}&#8221;][vc_column width=&#8221;1\/2&#8243;][vc_column_text css_animation=&#8221;top-to-bottom&#8221;]En Estufas Andaluzas nos preocupamos por nuestros clientes, y no aseguramos que est\u00e1n completamente satisfechos con los servicios y los productos que instalamos.<\/p>\n<p>Somos una empresa de Ingenier\u00eda e Instalaciones que se ha especializado en el campo de las Energ\u00edas Renovables y de la Eficiencia Energ\u00e9tica y nos dedicamos a la venta, instalaci\u00f3n y mantenimiento de calderas tanto de le\u00f1a como de pellet.[\/vc_column_text][vc_column_text]<br \/>\n[\/vc_column_text][\/vc_column][vc_column width=&#8221;1\/2&#8243;][vc_progress_bar values=&#8221;%5B%7B%22label%22%3A%22Nuevas%20Instalaci%C3%B3nes%22%2C%22value%22%3A%2285%22%2C%22color%22%3A%22bar_green%22%7D%2C%7B%22label%22%3A%22Venta%20en%20tienda%20e%20internet%22%2C%22value%22%3A%2245%22%2C%22color%22%3A%22sky%22%7D%2C%7B%22label%22%3A%22Reparaciones%22%2C%22value%22%3A%2222%22%2C%22color%22%3A%22pink%22%7D%2C%7B%22label%22%3A%22Caf%C3%A9%20%3A)%22%2C%22value%22%3A%2215%22%2C%22color%22%3A%22violet%22%7D%5D&#8221; bgcolor=&#8221;bar_green&#8221; options=&#8221;striped,animated&#8221; css=&#8221;.vc_custom_1491075670395{background-position: center !important;background-repeat: no-repeat !important;background-size: cover !important;}&#8221;][\/vc_column][\/vc_row][vc_row type=&#8221;full_page_width&#8221; padding_top=&#8221;&#8221; padding_bottom=&#8221;&#8221; bg_type=&#8221;theme_default&#8221; bg_grad=&#8221;background: -webkit-gradient(linear, left top, left bottom, color-stop(0%, #FBFBFB), color-stop(50%, #E3E3E3), color-stop(100%, #C2C2C2));background: -moz-linear-gradient(top,#FBFBFB 0%,#E3E3E3 50%,#C2C2C2 100%);background: -webkit-linear-gradient(top,#FBFBFB 0%,#E3E3E3 50%,#C2C2C2 100%);background: -o-linear-gradient(top,#FBFBFB 0%,#E3E3E3 50%,#C2C2C2 100%);background: -ms-linear-gradient(top,#FBFBFB 0%,#E3E3E3 50%,#C2C2C2 100%);background: linear-gradient(top,#FBFBFB 0%,#E3E3E3 50%,#C2C2C2 100%);&#8221; parallax_style=&#8221;vcpb-default&#8221; bg_image_repeat=&#8221;no-repeat&#8221; bg_image_size=&#8221;cover&#8221; bg_img_attach=&#8221;fixed&#8221; parallax_sense=&#8221;30&#8243; bg_override=&#8221;0&#8243;][vc_column el_class=&#8221;cap-content-hover&#8221;][cg_content_strip height=&#8221;200px&#8221; outer_link=&#8221;http:\/\/www.juanpedroavila.com\/estufasandaluzas\/contactanos\/&#8221; width=&#8221;80%&#8221; margin_bottom=&#8221;&#8221; bg=&#8221;#000000&#8243; halign=&#8221;center&#8221; text_align=&#8221;center&#8221; color=&#8221;light&#8221; animation=&#8221;fadeInUp&#8221; text_fade_out=&#8221;no&#8221; custom_content_css=&#8221;&#8221; bg_img=&#8221;71223&#8243; bg_img_type=&#8221;simple&#8221; outer_frame=&#8221;none&#8221;]<\/p>\n<h4 class=\"larger\">TRABAJAMOS JUNTOS?<\/h4>\n<p>[vc_button title=&#8221;CONTACTANOS&#8221; target=&#8221;_self&#8221; color=&#8221;wpb_button&#8221; icon=&#8221;none&#8221; size=&#8221;btn-small&#8221; href=&#8221;http:\/\/www.juanpedroavila.com\/estufasandaluzas\/contactanos\/&#8221; el_class=&#8221;see-through&#8221;][\/cg_content_strip][\/vc_column][\/vc_row][vc_row full_height=&#8221;yes&#8221; type=&#8221;full_page_width&#8221; padding_top=&#8221;&#8221; padding_bottom=&#8221;&#8221;][vc_column][vc_single_image image=&#8221;71079&#8243; img_size=&#8221;full&#8221; alignment=&#8221;center&#8221;][vc_text_separator title=&#8221;DISTRIBUIDORES OFICIALES&#8221; css=&#8221;.vc_custom_1491495994550{margin-top: 200px !important;}&#8221;][\/vc_column][\/vc_row][vc_row type=&#8221;container&#8221; padding_top=&#8221;&#8221; padding_bottom=&#8221;&#8221;][vc_column width=&#8221;1\/3&#8243;][vc_single_image image=&#8221;71212&#8243; img_size=&#8221;200&#215;200&#8243; alignment=&#8221;center&#8221;][vc_column_text]<\/p>\n<h3 style=\"text-align: center;\"><strong>Distribuidor Oficial<\/strong><\/h3>\n<h3 style=\"text-align: center;\"><strong>ZONA SIERRA SUR<\/strong><\/h3>\n<p>[\/vc_column_text][\/vc_column][vc_column width=&#8221;1\/3&#8243;][vc_single_image image=&#8221;71210&#8243; img_size=&#8221;large&#8221; css=&#8221;.vc_custom_1491496198746{margin-top: 100px !important;}&#8221;][vc_column_text]<\/p>\n<h3 style=\"text-align: center;\"><strong>Distribuci\u00f3n y Reparaci\u00f3n<\/strong><\/h3>\n<h3 style=\"text-align: center;\"><strong>Servicio T\u00e9cnico Oficial<\/strong><\/h3>\n<p>[\/vc_column_text][\/vc_column][vc_column width=&#8221;1\/3&#8243;][vc_single_image image=&#8221;71211&#8243; img_size=&#8221;large&#8221; alignment=&#8221;center&#8221; css=&#8221;.vc_custom_1491496390757{margin-bottom: 70px !important;}&#8221;][vc_column_text]<\/p>\n<h3 style=\"text-align: center;\"><strong>Distribuci\u00f3n y Montaje<\/strong><\/h3>\n<h3 style=\"text-align: center;\"><strong>Distribuidor Oficial<\/strong><\/h3>\n<p>[\/vc_column_text][\/vc_column][\/vc_row][vc_row type=&#8221;container&#8221; padding_top=&#8221;&#8221; padding_bottom=&#8221;&#8221;][vc_column][\/vc_column][\/vc_row]<\/p>\n","protected":false},"excerpt":{"rendered":"<p>[vc_row type=&#8221;full_page_width&#8221; padding_top=&#8221;&#8221; padding_bottom=&#8221;&#8221; css=&#8221;.vc_custom_1422272260257{margin-bottom: 0px !important;background-color: #222222 !important;}&#8221;][vc_column width=&#8221;1\/2&#8243; css=&#8221;.vc_custom_1422270446156{padding-right: 0px !important;}&#8221;][vc_empty_space height=&#8221;65px&#8221;][vc_column_text css=&#8221;.vc_custom_1491072259442{margin-bottom: 25px !important;padding-left: 45px !important;}&#8221;] Que Ofrece Estufas Andaluzas? [\/vc_column_text][vc_column_text css_animation=&#8221;top-to-bottom&#8221; css=&#8221;.vc_custom_1491155136577{padding-right: 45px !important;padding-left: 45px !important;}&#8221;]Estufas Andaluzas es una empresa de servicios con m\u00e1s de15 a\u00f1os de experiencia en la comercializaci\u00f3n, instalaci\u00f3n y reparaci\u00f3n de todo tipo de chimeneas de le\u00f1a&#8230;<\/p>\n","protected":false},"author":1,"featured_media":0,"parent":0,"menu_order":0,"comment_status":"open","ping_status":"open","template":"page-full-width.php","meta":{"_themeisle_gutenberg_block_has_review":false,"_kadence_starter_templates_imported_post":false,"_kad_post_transparent":"","_kad_post_title":"","_kad_post_layout":"","_kad_post_sidebar_id":"","_kad_post_content_style":"","_kad_post_vertical_padding":"","_kad_post_feature":"","_kad_post_feature_position":"","_kad_post_header":false,"_kad_post_footer":false,"_kad_post_classname":"","footnotes":""},"class_list":["post-2111","page","type-page","status-publish","hentry"],"_links":{"self":[{"href":"https:\/\/www.estufasandaluzas.com\/tiendaonline\/wp-json\/wp\/v2\/pages\/2111","targetHints":{"allow":["GET"]}}],"collection":[{"href":"https:\/\/www.estufasandaluzas.com\/tiendaonline\/wp-json\/wp\/v2\/pages"}],"about":[{"href":"https:\/\/www.estufasandaluzas.com\/tiendaonline\/wp-json\/wp\/v2\/types\/page"}],"author":[{"embeddable":true,"href":"https:\/\/www.estufasandaluzas.com\/tiendaonline\/wp-json\/wp\/v2\/users\/1"}],"replies":[{"embeddable":true,"href":"https:\/\/www.estufasandaluzas.com\/tiendaonline\/wp-json\/wp\/v2\/comments?post=2111"}],"version-history":[{"count":76,"href":"https:\/\/www.estufasandaluzas.com\/tiendaonline\/wp-json\/wp\/v2\/pages\/2111\/revisions"}],"predecessor-version":[{"id":71232,"href":"https:\/\/www.estufasandaluzas.com\/tiendaonline\/wp-json\/wp\/v2\/pages\/2111\/revisions\/71232"}],"wp:attachment":[{"href":"https:\/\/www.estufasandaluzas.com\/tiendaonline\/wp-json\/wp\/v2\/media?parent=2111"}],"curies":[{"name":"wp","href":"https:\/\/api.w.org\/{rel}","templated":true}]}}