{"id":70960,"date":"2017-03-31T13:01:18","date_gmt":"2017-03-31T12:01:18","guid":{"rendered":"http:\/\/www.juanpedroavila.com\/estufasandaluzas\/producto\/estufa-de-pellet-modelo-vigo\/"},"modified":"2021-07-06T17:16:56","modified_gmt":"2021-07-06T16:16:56","slug":"estufa-de-pellet-modelo-vigo","status":"publish","type":"product","link":"https:\/\/www.estufasandaluzas.com\/tiendaonline\/producto\/estufa-de-pellet-modelo-vigo\/","title":{"rendered":"Estufa de Pellet &#8211; Modelo BUMP 80"},"content":{"rendered":"<div class=\"col-md-6 col-sm-12\">\n<div class=\"row\">\n<p>&nbsp;<\/p>\n<p>&nbsp;<\/p>\n<p>Estufa de Pellets\u00a0de pasillo Bump\u00a080<\/p>\n<p>Estufa de aire con una potencia de\u00a010KW apropiada hasta 230m<sup>3<\/sup><\/p>\n<p>Dise\u00f1o elegancia y tecnolog\u00eda unidos en una estufa de pellets con una forma \u00fanica e inconfundible. Laterales de acero pintados de negro y puerta corrediza de cristal &#8220;m\u00e1gico&#8221; para un efecto negro que no conoce rivales. Equipada con tecnolog\u00eda Hermetic.<\/p>\n<p>Por sus dimensiones es ideal para pasillos o estancias peque\u00f1as con un alto grado de dise\u00f1o.<\/p>\n<p>Gama de colores disponibles<\/p>\n<table>\n<tbody>\n<tr>\n<td><img loading=\"lazy\" decoding=\"async\" src=\"http:\/\/turadiadorelectrico.es\/img\/cms\/B10_Nero-Opaco.jpg\" alt=\"\" width=\"119\" height=\"119\" \/><\/td>\n<\/tr>\n<\/tbody>\n<\/table>\n<h2>Caracter\u00edsticas Estufa de Pellets\u00a0de pasillo Bump\u00a080<\/h2>\n<ul>\n<li>Puerta\u00a0corredera de cristal<\/li>\n<li>C\u00e1mara de combusti\u00f3n de hierro fundido<\/li>\n<li>Aletas de salida de aire direccionales<\/li>\n<li>Revestimiento de acero<\/li>\n<li>Quemador Dielle patentado<\/li>\n<li>Sistema de alimentaci\u00f3n inferior<\/li>\n<li>Estufa herm\u00e9tica: El aire necesario para la combusti\u00f3n es obtenido del exterior. Es necesaria la instalaci\u00f3n de una chimenea coaxial que permita la evacuaci\u00f3n de humos y la introducci\u00f3n de aire comburente.<\/li>\n<li>Salida de humos por parte superior o posterior<\/li>\n<li>Programa de ciclo de ignici\u00f3n<\/li>\n<li>Sistema de lipieza de vidrios con aire<\/li>\n<li>Panel de control de cristal l\u00edquido<\/li>\n<li>Dimensiones (Ancho x Fondo x Alto) 86x35x105 cms<\/li>\n<\/ul>\n<h2>Datos T\u00e9cnicos Estufa de Pellets\u00a0de pasillo Bump\u00a080<\/h2>\n<table border=\"0\" width=\"446\" cellspacing=\"0\" cellpadding=\"0\">\n<colgroup>\n<col width=\"206\" \/>\n<col span=\"3\" width=\"80\" \/><\/colgroup>\n<tbody>\n<tr>\n<td height=\"20\"><strong>Datos Homologados<\/strong><\/td>\n<td class=\"xl65\">Max.<\/td>\n<td class=\"xl65\">Min.<\/td>\n<td class=\"xl65\">U.M.<\/td>\n<\/tr>\n<tr>\n<td height=\"20\">Potencia T\u00e9rmica Total<\/td>\n<td class=\"xl65\">9,7<\/td>\n<td class=\"xl65\">2,8<\/td>\n<td class=\"xl65\">kW<\/td>\n<\/tr>\n<tr>\n<td height=\"20\">Potencia T\u00e9rmica Nominal<\/td>\n<td class=\"xl65\">8,5<\/td>\n<td class=\"xl65\">2,6<\/td>\n<td class=\"xl65\">kW<\/td>\n<\/tr>\n<tr>\n<td height=\"20\">Potencia Suministrada al aire<\/td>\n<td class=\"xl65\">8,5<\/td>\n<td class=\"xl65\">2,6<\/td>\n<td class=\"xl65\">kW<\/td>\n<\/tr>\n<tr>\n<td height=\"20\">Potencia Suministrada al agua<\/td>\n<td class=\"xl65\">&#8211;<\/td>\n<td class=\"xl65\">&#8211;<\/td>\n<td class=\"xl65\">kW<\/td>\n<\/tr>\n<tr>\n<td height=\"20\">Consumo horario<\/td>\n<td class=\"xl65\">2,0<\/td>\n<td class=\"xl65\">0,6<\/td>\n<td class=\"xl65\">Kg\/h<\/td>\n<\/tr>\n<tr>\n<td height=\"20\">Rendimiento<\/td>\n<td class=\"xl65\">87<\/td>\n<td class=\"xl65\">92<\/td>\n<td class=\"xl65\">%<\/td>\n<\/tr>\n<tr>\n<td height=\"20\">Emisi\u00f3n media CO<\/td>\n<td class=\"xl65\">241<\/td>\n<td class=\"xl65\">356<\/td>\n<td class=\"xl65\">mg\/Nm<sup>3<\/sup><\/td>\n<\/tr>\n<tr>\n<td height=\"20\">Emisi\u00f3n media Nox<\/td>\n<td class=\"xl65\">94<\/td>\n<td class=\"xl65\">&#8211;<\/td>\n<td class=\"xl65\">mg\/Nm<sup>3<\/sup><\/td>\n<\/tr>\n<tr>\n<td height=\"20\">Emis\u00f3n media COGC<\/td>\n<td class=\"xl65\">2<\/td>\n<td class=\"xl65\">7<\/td>\n<td class=\"xl65\">mg\/Nm<sup>3<\/sup><\/td>\n<\/tr>\n<tr>\n<td height=\"20\">Emisi\u00f3n media polvos<\/td>\n<td class=\"xl65\">14<\/td>\n<td class=\"xl65\">&#8211;<\/td>\n<td class=\"xl65\">mg\/Nm<sup>3<\/sup><\/td>\n<\/tr>\n<tr>\n<td height=\"20\">Tempertura media humos<\/td>\n<td class=\"xl65\">192<\/td>\n<td class=\"xl65\">92<\/td>\n<td class=\"xl65\">\u00baC<\/td>\n<\/tr>\n<tr>\n<td height=\"20\">Flujo Gas Combustible<\/td>\n<td class=\"xl65\">6,3<\/td>\n<td class=\"xl65\">2,9<\/td>\n<td class=\"xl65\">g\/s<\/td>\n<\/tr>\n<tr>\n<td height=\"20\">Tiro medio de la chimenea<\/td>\n<td class=\"xl65\">12<\/td>\n<td class=\"xl65\">12<\/td>\n<td class=\"xl65\">Pa<\/td>\n<\/tr>\n<tr>\n<td height=\"20\"><\/td>\n<td class=\"xl65\"><\/td>\n<td class=\"xl65\"><\/td>\n<td class=\"xl65\"><\/td>\n<\/tr>\n<tr>\n<td height=\"20\"><strong>Datos de Funcionamiento<\/strong><\/td>\n<td class=\"xl65\"><\/td>\n<td class=\"xl65\"><\/td>\n<td class=\"xl65\"><\/td>\n<\/tr>\n<tr>\n<td height=\"20\">Capacidad total del tanque<\/td>\n<td class=\"xl65\" colspan=\"2\">25<\/td>\n<td class=\"xl65\">Lt<\/td>\n<\/tr>\n<tr>\n<td height=\"20\">Clasificaci\u00f3n de las estrellas<\/td>\n<td class=\"xl65\" colspan=\"2\">* * * *<\/td>\n<td class=\"xl65\"><\/td>\n<\/tr>\n<tr>\n<td height=\"20\">Clasificaci\u00f3n energ\u00e9tica<\/td>\n<td class=\"xl65\" colspan=\"2\">A+<\/td>\n<td class=\"xl65\"><\/td>\n<\/tr>\n<tr>\n<td height=\"20\">Tensi\u00f3n Nominal<\/td>\n<td class=\"xl65\" colspan=\"2\">230<\/td>\n<td class=\"xl65\">V<\/td>\n<\/tr>\n<tr>\n<td height=\"20\">Fracuencia Nominal<\/td>\n<td class=\"xl65\" colspan=\"2\">50<\/td>\n<td class=\"xl65\">Hz<\/td>\n<\/tr>\n<tr>\n<td height=\"20\">Potencia electrica media<\/td>\n<td class=\"xl65\" colspan=\"2\">70<\/td>\n<td class=\"xl65\">W<\/td>\n<\/tr>\n<tr>\n<td height=\"20\">Potencia electrica nominal MAX<\/td>\n<td class=\"xl65\" colspan=\"2\">520<\/td>\n<td class=\"xl65\">W<\/td>\n<\/tr>\n<tr>\n<td height=\"20\">Vol\u00famen de calefacci\u00f3n MAX<\/td>\n<td class=\"xl65\" colspan=\"2\">230<\/td>\n<td class=\"xl65\">m<sup>3<\/sup><\/td>\n<\/tr>\n<\/tbody>\n<\/table>\n<h2><\/h2>\n<\/div>\n<\/div>\n","protected":false},"excerpt":{"rendered":"<p>&nbsp;<\/p>\n<div class=\"col-sm-12\">\n<p>Estufa de Pellets\u00a0de pasillo Bump\u00a080<\/p>\n<p>Estufa de aire con una potencia de 10 KW apropiada hasta 230m<sup>3<\/sup><\/p>\n<p>CONSULTA PRECIO<\/p>\n<\/div>\n","protected":false},"featured_media":73107,"comment_status":"open","ping_status":"closed","template":"","meta":{"_themeisle_gutenberg_block_has_review":false,"_kadence_starter_templates_imported_post":false,"_kad_post_transparent":"","_kad_post_title":"","_kad_post_layout":"","_kad_post_sidebar_id":"","_kad_post_content_style":"","_kad_post_vertical_padding":"","_kad_post_feature":"","_kad_post_feature_position":"","_kad_post_header":false,"_kad_post_footer":false,"_kad_post_classname":""},"product_brand":[],"product_cat":[94,96],"product_tag":[],"berocket_brand":[191],"class_list":{"0":"post-70960","1":"product","2":"type-product","3":"status-publish","4":"has-post-thumbnail","6":"product_cat-estufas","7":"product_cat-pellet","8":"berocket_brand-dielle","10":"first","11":"instock","12":"taxable","13":"shipping-taxable","14":"product-type-simple","15":"entry","16":"content-bg","17":"loop-entry"},"_links":{"self":[{"href":"https:\/\/www.estufasandaluzas.com\/tiendaonline\/wp-json\/wp\/v2\/product\/70960","targetHints":{"allow":["GET"]}}],"collection":[{"href":"https:\/\/www.estufasandaluzas.com\/tiendaonline\/wp-json\/wp\/v2\/product"}],"about":[{"href":"https:\/\/www.estufasandaluzas.com\/tiendaonline\/wp-json\/wp\/v2\/types\/product"}],"replies":[{"embeddable":true,"href":"https:\/\/www.estufasandaluzas.com\/tiendaonline\/wp-json\/wp\/v2\/comments?post=70960"}],"wp:featuredmedia":[{"embeddable":true,"href":"https:\/\/www.estufasandaluzas.com\/tiendaonline\/wp-json\/wp\/v2\/media\/73107"}],"wp:attachment":[{"href":"https:\/\/www.estufasandaluzas.com\/tiendaonline\/wp-json\/wp\/v2\/media?parent=70960"}],"wp:term":[{"taxonomy":"product_brand","embeddable":true,"href":"https:\/\/www.estufasandaluzas.com\/tiendaonline\/wp-json\/wp\/v2\/product_brand?post=70960"},{"taxonomy":"product_cat","embeddable":true,"href":"https:\/\/www.estufasandaluzas.com\/tiendaonline\/wp-json\/wp\/v2\/product_cat?post=70960"},{"taxonomy":"product_tag","embeddable":true,"href":"https:\/\/www.estufasandaluzas.com\/tiendaonline\/wp-json\/wp\/v2\/product_tag?post=70960"},{"taxonomy":"berocket_brand","embeddable":true,"href":"https:\/\/www.estufasandaluzas.com\/tiendaonline\/wp-json\/wp\/v2\/berocket_brand?post=70960"}],"curies":[{"name":"wp","href":"https:\/\/api.w.org\/{rel}","templated":true}]}}