{"id":71199,"date":"2017-04-04T18:13:56","date_gmt":"2017-04-04T17:13:56","guid":{"rendered":"http:\/\/www.estufasandaluzas.com\/?post_type=product&#038;p=71199"},"modified":"2020-09-15T09:25:44","modified_gmt":"2020-09-15T08:25:44","slug":"estufa-de-pellet-modelo-moon-2-2","status":"publish","type":"product","link":"https:\/\/www.estufasandaluzas.com\/tiendaonline\/producto\/estufa-de-pellet-modelo-moon-2-2\/","title":{"rendered":"Estufa de Pellet Ecoforest &#8211; Modelo TOKIO"},"content":{"rendered":"<div class=\"col-md-6 col-sm-12\">\n<div class=\"row\">\n<div class=\"col-sm-3\">\n<p><i class=\"fa fa-power-off\">\u00a0 Potencia: 12kg<\/i><\/p>\n<p><i class=\"fa fa-signal\">\u00a0 Rendimiento<\/i><i>:\u00a088 %<\/i><\/p>\n<p><i class=\" fa fa-filter\">\u00a0\u00a0<\/i><i>Tolva:\u00a030 kg<\/i><\/p>\n<p><i class=\"fa fa-battery-3\">\u00a0\u00a0<\/i><i>Autonomia:\u00a029-11 h<\/i><\/p>\n<\/div>\n<div class=\"col-sm-4\">\n<p><i class=\"fa fa-fire\">\u00a0\u00a0<\/i><i>Consumo:\u00a01044-2609 g\/h<\/i><\/p>\n<p><i class=\"fa fa-balance-scale\">\u00a0\u00a0<\/i><i>Peso:\u00a0146 kg<\/i><\/p>\n<p><i class=\"fa fa-genderless\">\u00a0\u00a0<\/i><i>Di\u00e1metro salida de gases: 80mm\u00a0<\/i><\/p>\n<p>Consultar precio.<\/p>\n<\/div>\n<p>&nbsp;<\/p>\n<\/div>\n<\/div>\n<div class=\"media-left\"><\/div>\n<div><\/div>\n","protected":false},"excerpt":{"rendered":"<p>&nbsp;<\/p>\n<div class=\"col-sm-12\">\n<h4>Estufa de pellets de aire<\/h4>\n<p>Dise\u00f1o, innovaci\u00f3n y calidad. Esta estufa de pellets cumple los requisitos de aquellos clientes que buscan algo m\u00e1s que una estufa de pellets.<\/p>\n<\/div>\n<div class=\"col-sm-12\"><img loading=\"lazy\" decoding=\"async\" class=\"\" title=\"\" src=\"http:\/\/www.juanpedroavila.com\/estufasandaluzas\/wp-content\/uploads\/2017\/04\/MOVIL-MANO_ECOFOREST.jpg\" alt=\"\" width=\"225\" height=\"144\" \/><\/div>\n","protected":false},"featured_media":71201,"comment_status":"open","ping_status":"closed","template":"","meta":{"_themeisle_gutenberg_block_has_review":false,"_kadence_starter_templates_imported_post":false,"_kad_post_transparent":"","_kad_post_title":"","_kad_post_layout":"","_kad_post_sidebar_id":"","_kad_post_content_style":"","_kad_post_vertical_padding":"","_kad_post_feature":"","_kad_post_feature_position":"","_kad_post_header":false,"_kad_post_footer":false,"_kad_post_classname":""},"product_brand":[],"product_cat":[94,96],"product_tag":[121,120],"berocket_brand":[177],"class_list":{"0":"post-71199","1":"product","2":"type-product","3":"status-publish","4":"has-post-thumbnail","6":"product_cat-estufas","7":"product_cat-pellet","8":"product_tag-hogar","9":"product_tag-pellet","10":"berocket_brand-ecoforest","12":"first","13":"instock","14":"taxable","15":"shipping-taxable","16":"product-type-simple","17":"entry","18":"content-bg","19":"loop-entry"},"_links":{"self":[{"href":"https:\/\/www.estufasandaluzas.com\/tiendaonline\/wp-json\/wp\/v2\/product\/71199","targetHints":{"allow":["GET"]}}],"collection":[{"href":"https:\/\/www.estufasandaluzas.com\/tiendaonline\/wp-json\/wp\/v2\/product"}],"about":[{"href":"https:\/\/www.estufasandaluzas.com\/tiendaonline\/wp-json\/wp\/v2\/types\/product"}],"replies":[{"embeddable":true,"href":"https:\/\/www.estufasandaluzas.com\/tiendaonline\/wp-json\/wp\/v2\/comments?post=71199"}],"wp:featuredmedia":[{"embeddable":true,"href":"https:\/\/www.estufasandaluzas.com\/tiendaonline\/wp-json\/wp\/v2\/media\/71201"}],"wp:attachment":[{"href":"https:\/\/www.estufasandaluzas.com\/tiendaonline\/wp-json\/wp\/v2\/media?parent=71199"}],"wp:term":[{"taxonomy":"product_brand","embeddable":true,"href":"https:\/\/www.estufasandaluzas.com\/tiendaonline\/wp-json\/wp\/v2\/product_brand?post=71199"},{"taxonomy":"product_cat","embeddable":true,"href":"https:\/\/www.estufasandaluzas.com\/tiendaonline\/wp-json\/wp\/v2\/product_cat?post=71199"},{"taxonomy":"product_tag","embeddable":true,"href":"https:\/\/www.estufasandaluzas.com\/tiendaonline\/wp-json\/wp\/v2\/product_tag?post=71199"},{"taxonomy":"berocket_brand","embeddable":true,"href":"https:\/\/www.estufasandaluzas.com\/tiendaonline\/wp-json\/wp\/v2\/berocket_brand?post=71199"}],"curies":[{"name":"wp","href":"https:\/\/api.w.org\/{rel}","templated":true}]}}