{"id":72616,"date":"2017-04-04T19:44:30","date_gmt":"2017-04-04T18:44:30","guid":{"rendered":"http:\/\/www.estufasandaluzas.com\/tiendaonline\/?post_type=product&#038;p=72616"},"modified":"2026-01-20T11:26:33","modified_gmt":"2026-01-20T10:26:33","slug":"insertable-de-lenan-modelo-panama-f-3-5-2-2-2-2-2-2-4-3-21-3","status":"publish","type":"product","link":"https:\/\/www.estufasandaluzas.com\/tiendaonline\/estufa-de-lena-fm-modelo-m-106\/","title":{"rendered":"Estufa de Le\u00f1a  FM modelo-M-106"},"content":{"rendered":"<div>\n<div>\n<div><strong>INCLUYE<\/strong><\/div>\n<div><\/div>\n<div>Guante<\/div>\n<div>Parrilla asados Giratoria Inoxidable 310 x 300 mm.<\/div>\n<div>Bandeja Acero Inoxidable para Horno de 450 x 350 x 60 mm. Espesor 0,8 mm.<\/div>\n<div><\/div>\n<div><strong>ACCESORIOS\/COMPLEMENTOS<\/strong><\/div>\n<div><\/div>\n<div>\n<ul>\n<li>Bote de Spray Pintura Antical\u00f3rica 800\u00baC 375 ml. (Color negro).<\/li>\n<li>Conjunto barbacoa con soportes y Parrilla inoxidable 500 x 350 mm.<\/li>\n<li>Conjunto 2 placas de Fundici\u00f3n c\u00e1mara de combusti\u00f3n.<\/li>\n<li>Manguito antigoteo de 200 mm. Negro Vitrificado.<\/li>\n<li>Parrilla horno inoxidable 450 x 350 mm.<\/li>\n<li>Placa de Acero Protector de Pared de 900 x 705 mm. Color negro.<\/li>\n<li>Tubo de 50 cm con antigoteo y cortatiros de 200 mm. Negro vitrificado.<\/li>\n<\/ul>\n<\/div>\n<div><\/div>\n<div><strong>CARACTER\u00cdSTICAS T\u00c9CNICAS<\/strong><\/div>\n<div><\/div>\n<ul>\n<li>Potencia Calor\u00edfica: 11,50 KW<\/li>\n<li>Rendimiento: 77 %<\/li>\n<li>Emisiones CO: 0,25 %<\/li>\n<li>Consumo: 3,30 kg\/h<\/li>\n<li>Equipo con Puertas y Parrilla de Fundici\u00f3n<\/li>\n<li>Interior c\u00e1mara de combusti\u00f3n en vermiculita<\/li>\n<li>Equipo elaborado en chapa hasta 4 mm. Doble C\u00e1mara.<\/li>\n<li>Pintura Antical\u00f3rica inorg\u00e1nica: 800 \u00baC<\/li>\n<li>Cristal Vitrocer\u00e1mico: 750 \u00baC<\/li>\n<li>Salida de Humos Superior Macho: \u00f8 200 mm<\/li>\n<li>Regulaci\u00f3n de Aire Primario<\/li>\n<li>Regulaci\u00f3n de Aire Secundario<\/li>\n<li>Sistema de Cristal-Limpio<\/li>\n<li>Sistema de Doble Combusti\u00f3n.<\/li>\n<li>Combustible: Le\u00f1a<\/li>\n<li>Tama\u00f1o de Tronco: 65 cm<\/li>\n<li>Boca de entrada le\u00f1a: 500 x 335 mm<\/li>\n<li>Profundidad c\u00e1mara de combusti\u00f3n: 400 mm<\/li>\n<li>Horno superior envolvente<\/li>\n<li>Boca \u00fatil del horno: 500 x 185 mm<\/li>\n<li>Profundidad del horno: 356 mm<\/li>\n<li>Interior del Horno acero inoxidable. Desmontable.<\/li>\n<li>Base de horno en ladrillo refractario<\/li>\n<li>Term\u00f3metro de vaina.<\/li>\n<li>Registro antiholl\u00edn.<\/li>\n<li>Volumen calefacci\u00f3n: 275 m3<\/li>\n<li>Peso: 140 kg.<\/li>\n<\/ul>\n<p>&nbsp;<\/p>\n<\/div>\n<\/div>\n","protected":false},"excerpt":{"rendered":"<ul>\n<li><span style=\"font-size: 13.3333px;\">ESTUFA DE LE\u00d1A DOBLE COMBUSTI\u00d3N RINC\u00d3N, LE\u00d1ERO Y DOBLE CAMARA Y HORNO ACERO INOXIDABLE.<\/span><\/li>\n<li>CONSULTAR PRECIO.<\/li>\n<\/ul>\n<div class=\"simbol\"><\/div>\n<div class=\"simbol\"><\/div>\n<div class=\"simbol\"><\/div>\n<div class=\"simbol\"><\/div>\n<div class=\"simbol\"><\/div>\n<div class=\"col-sm-12\"><\/div>\n","protected":false},"featured_media":72615,"comment_status":"closed","ping_status":"closed","template":"","meta":{"_kadence_starter_templates_imported_post":false,"_kad_post_transparent":"","_kad_post_title":"","_kad_post_layout":"","_kad_post_sidebar_id":"","_kad_post_content_style":"","_kad_post_vertical_padding":"","_kad_post_feature":"","_kad_post_feature_position":"","_kad_post_header":false,"_kad_post_footer":false,"_kad_post_classname":""},"product_brand":[],"product_cat":[94,95],"product_tag":[134,132],"berocket_brand":[179],"class_list":{"0":"post-72616","1":"product","2":"type-product","3":"status-publish","4":"has-post-thumbnail","6":"product_cat-estufas","7":"product_cat-lena","8":"product_tag-estufa-lena","9":"product_tag-estufas-lenas-insertables","10":"berocket_brand-fm","12":"first","13":"instock","14":"taxable","15":"shipping-taxable","16":"product-type-simple","17":"entry","18":"content-bg","19":"loop-entry"},"_links":{"self":[{"href":"https:\/\/www.estufasandaluzas.com\/tiendaonline\/wp-json\/wp\/v2\/product\/72616","targetHints":{"allow":["GET"]}}],"collection":[{"href":"https:\/\/www.estufasandaluzas.com\/tiendaonline\/wp-json\/wp\/v2\/product"}],"about":[{"href":"https:\/\/www.estufasandaluzas.com\/tiendaonline\/wp-json\/wp\/v2\/types\/product"}],"replies":[{"embeddable":true,"href":"https:\/\/www.estufasandaluzas.com\/tiendaonline\/wp-json\/wp\/v2\/comments?post=72616"}],"wp:featuredmedia":[{"embeddable":true,"href":"https:\/\/www.estufasandaluzas.com\/tiendaonline\/wp-json\/wp\/v2\/media\/72615"}],"wp:attachment":[{"href":"https:\/\/www.estufasandaluzas.com\/tiendaonline\/wp-json\/wp\/v2\/media?parent=72616"}],"wp:term":[{"taxonomy":"product_brand","embeddable":true,"href":"https:\/\/www.estufasandaluzas.com\/tiendaonline\/wp-json\/wp\/v2\/product_brand?post=72616"},{"taxonomy":"product_cat","embeddable":true,"href":"https:\/\/www.estufasandaluzas.com\/tiendaonline\/wp-json\/wp\/v2\/product_cat?post=72616"},{"taxonomy":"product_tag","embeddable":true,"href":"https:\/\/www.estufasandaluzas.com\/tiendaonline\/wp-json\/wp\/v2\/product_tag?post=72616"},{"taxonomy":"berocket_brand","embeddable":true,"href":"https:\/\/www.estufasandaluzas.com\/tiendaonline\/wp-json\/wp\/v2\/berocket_brand?post=72616"}],"curies":[{"name":"wp","href":"https:\/\/api.w.org\/{rel}","templated":true}]}}