{"id":72743,"date":"2017-04-04T19:44:30","date_gmt":"2017-04-04T18:44:30","guid":{"rendered":"http:\/\/www.estufasandaluzas.com\/tiendaonline\/?post_type=product&#038;p=72743"},"modified":"2026-01-20T19:31:53","modified_gmt":"2026-01-20T18:31:53","slug":"insertable-de-lenan-modelo-panama-f-3-5-2-2-2-2-2-2-4-3-8-2-2-5-2","status":"publish","type":"product","link":"https:\/\/www.estufasandaluzas.com\/tiendaonline\/producto\/insertable-de-lenan-modelo-panama-f-3-5-2-2-2-2-2-2-4-3-8-2-2-5-2\/","title":{"rendered":"Insertable de Le\u00f1a 70 cm  FM modelo-IZ-170 FKP"},"content":{"rendered":"<div>\n<div><strong>NCLUYE<\/strong><\/div>\n<div>Guante<\/div>\n<div>Boquillas para Aire Canalizable de 120mm<\/div>\n<div><\/div>\n<div><strong>ACCESORIOS\/COMPLEMENTOS<\/strong><\/div>\n<ul>\n<li>Bote de Spray Pintura Antical\u00f3rica 800\u00baC 375 ml. (Color Negro)<\/li>\n<li>Manguito anticondensaciones de 150 mm. Negro Vitrificado<\/li>\n<li>Manguito hembra-macho de 150 mm<\/li>\n<\/ul>\n<div><\/div>\n<div><strong>CARACTER\u00cdSTICAS T\u00c9CNICAS<\/strong><\/div>\n<\/div>\n<ul>\n<li>Potencia Calor\u00edfica: 13,5 KW.<\/li>\n<li>Rendimiento: 73,56 %.<\/li>\n<li>Emisiones CO: 0,26 %.<\/li>\n<li>Consumo: 3,96 kg\/h.<\/li>\n<li>Equipo con Puerta y Parrilla de Fundici\u00f3n.<\/li>\n<li>Interior C\u00e1mara de combusti\u00f3n con Fundici\u00f3n.<\/li>\n<li>Equipo elaborado en chapa hasta 5 mm.<\/li>\n<li>Doble C\u00e1mara.<\/li>\n<li>Pintura Antical\u00f3rica: 800 \u00baC.<\/li>\n<li>Cristal Vitrocer\u00e1mico Serigrafiado: 750 \u00baC.<\/li>\n<li>Salida de Humos Superior Macho: \u00d8 150 mm.<\/li>\n<li>Regulaci\u00f3n de Aire Primario.<\/li>\n<li>Regulaci\u00f3n de Aire Secundario.<\/li>\n<li>Cristal Limpio.<\/li>\n<li>Sistema de Doble Combusti\u00f3n.<\/li>\n<li>Sistema de Triple Combusti\u00f3n.<\/li>\n<li>Deflector interior Desmontable.<\/li>\n<li>Tubos Canalizables: 2 X \u00d8 120 m.<\/li>\n<li>Regulaci\u00f3n Aire Canalizable.<\/li>\n<li>Ventilador Tangencial 430 m3\/h y 43W x 1 (220 V) 50dB.<\/li>\n<li>Termoregulador. Centralita para empotrar<\/li>\n<li>Mando a distancia<\/li>\n<li>Combustible: Le\u00f1a.<\/li>\n<li>Boca de entrada le\u00f1a: 545 x 285 mm.<\/li>\n<li>Profundidad c\u00e1mara de combusti\u00f3n: 340 mm.<\/li>\n<li>Tama\u00f1o M\u00e1ximo de tronco: 63 cm.<\/li>\n<li>Medidas de Encastre: 667 x 870 x 496 mm. (Alto\/Ancho\/Fondo).<\/li>\n<li>Medidas del Frontal: 550 x 714 mm. (Alto\/Ancho).<\/li>\n<li>Volumen calefacci\u00f3n: 313 m3.<\/li>\n<li>Peso: 134 kg<\/li>\n<li>Medida de encastre: 667*870*496 mm. (alto\/ancho\/fondo)<\/li>\n<li>Medida del frontal: 550*714 mm (alto\/ancho)<\/li>\n<\/ul>\n","protected":false},"excerpt":{"rendered":"<ul>\n<li><span style=\"font-size: 13.3333px;\">INSERTABLE LE\u00d1A 70 CM. TURBINA EXTERNA Y TRIPLE COMBUSTI\u00d3N INTERIOR FUNDICI\u00d3N Y CRISTAL SERIGRAFIADO<\/span><\/li>\n<li>CONSULTAR PRECIO<\/li>\n<\/ul>\n<div class=\"simbol\"><\/div>\n<div class=\"simbol\"><\/div>\n<div class=\"simbol\"><\/div>\n<div class=\"simbol\"><\/div>\n<div class=\"simbol\"><\/div>\n<div class=\"col-sm-12\"><\/div>\n","protected":false},"featured_media":72727,"comment_status":"closed","ping_status":"closed","template":"","meta":{"_kadence_starter_templates_imported_post":false,"_kad_post_transparent":"","_kad_post_title":"","_kad_post_layout":"","_kad_post_sidebar_id":"","_kad_post_content_style":"","_kad_post_vertical_padding":"","_kad_post_feature":"","_kad_post_feature_position":"","_kad_post_header":false,"_kad_post_footer":false,"_kad_post_classname":""},"product_brand":[],"product_cat":[100,101],"product_tag":[133,134,131,132],"berocket_brand":[],"class_list":{"0":"post-72743","1":"product","2":"type-product","3":"status-publish","4":"has-post-thumbnail","6":"product_cat-insertables","7":"product_cat-lena-insertables","8":"product_tag-estufa-insertables-fundicion","9":"product_tag-estufa-lena","10":"product_tag-estufa-lena-insertables","11":"product_tag-estufas-lenas-insertables","13":"first","14":"instock","15":"taxable","16":"shipping-taxable","17":"product-type-simple","18":"entry","19":"content-bg","20":"loop-entry"},"_links":{"self":[{"href":"https:\/\/www.estufasandaluzas.com\/tiendaonline\/wp-json\/wp\/v2\/product\/72743","targetHints":{"allow":["GET"]}}],"collection":[{"href":"https:\/\/www.estufasandaluzas.com\/tiendaonline\/wp-json\/wp\/v2\/product"}],"about":[{"href":"https:\/\/www.estufasandaluzas.com\/tiendaonline\/wp-json\/wp\/v2\/types\/product"}],"replies":[{"embeddable":true,"href":"https:\/\/www.estufasandaluzas.com\/tiendaonline\/wp-json\/wp\/v2\/comments?post=72743"}],"wp:featuredmedia":[{"embeddable":true,"href":"https:\/\/www.estufasandaluzas.com\/tiendaonline\/wp-json\/wp\/v2\/media\/72727"}],"wp:attachment":[{"href":"https:\/\/www.estufasandaluzas.com\/tiendaonline\/wp-json\/wp\/v2\/media?parent=72743"}],"wp:term":[{"taxonomy":"product_brand","embeddable":true,"href":"https:\/\/www.estufasandaluzas.com\/tiendaonline\/wp-json\/wp\/v2\/product_brand?post=72743"},{"taxonomy":"product_cat","embeddable":true,"href":"https:\/\/www.estufasandaluzas.com\/tiendaonline\/wp-json\/wp\/v2\/product_cat?post=72743"},{"taxonomy":"product_tag","embeddable":true,"href":"https:\/\/www.estufasandaluzas.com\/tiendaonline\/wp-json\/wp\/v2\/product_tag?post=72743"},{"taxonomy":"berocket_brand","embeddable":true,"href":"https:\/\/www.estufasandaluzas.com\/tiendaonline\/wp-json\/wp\/v2\/berocket_brand?post=72743"}],"curies":[{"name":"wp","href":"https:\/\/api.w.org\/{rel}","templated":true}]}}