{"id":72759,"date":"2017-04-04T19:44:30","date_gmt":"2017-04-04T18:44:30","guid":{"rendered":"http:\/\/www.estufasandaluzas.com\/tiendaonline\/?post_type=product&#038;p=72759"},"modified":"2025-04-30T09:33:30","modified_gmt":"2025-04-30T08:33:30","slug":"insertable-de-lenan-modelo-panama-f-3-5-2-2-2-2-2-2-4-3-8-2-4-2","status":"publish","type":"product","link":"https:\/\/www.estufasandaluzas.com\/tiendaonline\/producto\/insertable-de-lenan-modelo-panama-f-3-5-2-2-2-2-2-2-4-3-8-2-4-2\/","title":{"rendered":"Insertable de Le\u00f1a 80 cm  FM modelo-IT-183"},"content":{"rendered":"<div>\n<div><strong>INCLUYE<\/strong><\/div>\n<div>Guante<\/div>\n<div>Boquillas para Aire Canalizable de 120mm<\/div>\n<div><\/div>\n<div><strong>ACCESORIOS\/COMPLEMENTOS<\/strong><\/div>\n<ul>\n<li>Bote de Spray Pintura Antical\u00f3rica 800\u00baC 375 ml. (Color Negro)<\/li>\n<li>Manguito anticondensaciones de 200 mm. Negro Vitrificado<\/li>\n<li>Manguito hembra-macho de 200 mm<\/li>\n<li>Potenci\u00f3metro Anal\u00f3gico de Ventilador<\/li>\n<\/ul>\n<div><\/div>\n<div><strong>CARACTER\u00cdSTICAS T\u00c9CNICAS<\/strong><\/div>\n<\/div>\n<ul>\n<li>Potencia Calor\u00edfica: 13,5 KW.<\/li>\n<li>Rendimiento: 73,5 %.<\/li>\n<li>Emisiones CO: 0,30 %.<\/li>\n<li>Consumo: 4,5 kg\/h.<\/li>\n<li>Equipo con Puerta y Parrilla de Fundici\u00f3n.<\/li>\n<li>Caj\u00f3n cenicero extraible.<\/li>\n<li>Equipo elaborado en acero hasta 4 mm.<\/li>\n<li>Doble C\u00e1mara.<\/li>\n<li>Pintura Antical\u00f3rica: 800 oC.<\/li>\n<li>Cristal Vitrocer\u00e1mico: 750 oC.<\/li>\n<li>Salida de Humos Superior: Macho \u00f8 200 mm.<\/li>\n<li>Regulaci\u00f3n de Aire Primario.<\/li>\n<li>Regulaci\u00f3n de Aire Secundario.<\/li>\n<li>Sistema de Cristal-Limpio.<\/li>\n<li>Sistema de Doble Combusti\u00f3n.<\/li>\n<li>Deflector interior regulable desmontable.<\/li>\n<li>Tubos Canalizables: 2 X \u00f8 120 mm.<\/li>\n<li>Dos ventiladores axiales de 160 m3\/h y 20 W x2 (220 V).<\/li>\n<li>Interruptor de 3 posiciones.<\/li>\n<li>Regulaci\u00f3n autom\u00e1tica en posici\u00f3n 0.<\/li>\n<li>Combustible: Le\u00f1a.<\/li>\n<li>Boca de entrada le\u00f1a: 660 x 330 mm.<\/li>\n<li>Profundidad c\u00e1mara de combusti\u00f3n: 405 mm.<\/li>\n<li>Tama\u00f1o de Tronco: 75 cm.<\/li>\n<li>Marco Desmontable de 40 mm y 20 mm.<\/li>\n<li>Medidas de Encastre: 600 x 817 x 487 mm. (Alto\/Ancho\/Fondo).<\/li>\n<li>Volumen calefacci\u00f3n: 338 m3.<\/li>\n<li>Peso: 104 kg.<\/li>\n<\/ul>\n<p>&nbsp;<\/p>\n","protected":false},"excerpt":{"rendered":"<ul>\n<li><span style=\"font-size: 13.3333px;\">INSERTABLE LE\u00d1A 80 CM INTERIOR VERMICULITA.<\/span><\/li>\n<li>CONSULTAR PREC\u00cdO<\/li>\n<\/ul>\n<div class=\"simbol\"><\/div>\n<div class=\"simbol\"><\/div>\n<div class=\"simbol\"><\/div>\n<div class=\"simbol\"><\/div>\n<div class=\"simbol\"><\/div>\n<div class=\"col-sm-12\"><\/div>\n","protected":false},"featured_media":72758,"comment_status":"closed","ping_status":"closed","template":"","meta":{"_kadence_starter_templates_imported_post":false,"_kad_post_transparent":"","_kad_post_title":"","_kad_post_layout":"","_kad_post_sidebar_id":"","_kad_post_content_style":"","_kad_post_vertical_padding":"","_kad_post_feature":"","_kad_post_feature_position":"","_kad_post_header":false,"_kad_post_footer":false,"_kad_post_classname":""},"product_brand":[],"product_cat":[100,101],"product_tag":[133,134,131,132,184],"berocket_brand":[179],"class_list":{"0":"post-72759","1":"product","2":"type-product","3":"status-publish","4":"has-post-thumbnail","6":"product_cat-insertables","7":"product_cat-lena-insertables","8":"product_tag-estufa-insertables-fundicion","9":"product_tag-estufa-lena","10":"product_tag-estufa-lena-insertables","11":"product_tag-estufas-lenas-insertables","12":"product_tag-insertable-lena","13":"berocket_brand-fm","15":"first","16":"instock","17":"taxable","18":"shipping-taxable","19":"purchasable","20":"product-type-simple","21":"entry","22":"content-bg","23":"loop-entry"},"_links":{"self":[{"href":"https:\/\/www.estufasandaluzas.com\/tiendaonline\/wp-json\/wp\/v2\/product\/72759","targetHints":{"allow":["GET"]}}],"collection":[{"href":"https:\/\/www.estufasandaluzas.com\/tiendaonline\/wp-json\/wp\/v2\/product"}],"about":[{"href":"https:\/\/www.estufasandaluzas.com\/tiendaonline\/wp-json\/wp\/v2\/types\/product"}],"replies":[{"embeddable":true,"href":"https:\/\/www.estufasandaluzas.com\/tiendaonline\/wp-json\/wp\/v2\/comments?post=72759"}],"wp:featuredmedia":[{"embeddable":true,"href":"https:\/\/www.estufasandaluzas.com\/tiendaonline\/wp-json\/wp\/v2\/media\/72758"}],"wp:attachment":[{"href":"https:\/\/www.estufasandaluzas.com\/tiendaonline\/wp-json\/wp\/v2\/media?parent=72759"}],"wp:term":[{"taxonomy":"product_brand","embeddable":true,"href":"https:\/\/www.estufasandaluzas.com\/tiendaonline\/wp-json\/wp\/v2\/product_brand?post=72759"},{"taxonomy":"product_cat","embeddable":true,"href":"https:\/\/www.estufasandaluzas.com\/tiendaonline\/wp-json\/wp\/v2\/product_cat?post=72759"},{"taxonomy":"product_tag","embeddable":true,"href":"https:\/\/www.estufasandaluzas.com\/tiendaonline\/wp-json\/wp\/v2\/product_tag?post=72759"},{"taxonomy":"berocket_brand","embeddable":true,"href":"https:\/\/www.estufasandaluzas.com\/tiendaonline\/wp-json\/wp\/v2\/berocket_brand?post=72759"}],"curies":[{"name":"wp","href":"https:\/\/api.w.org\/{rel}","templated":true}]}}