{"id":73079,"date":"2017-04-04T19:44:30","date_gmt":"2017-04-04T18:44:30","guid":{"rendered":"http:\/\/www.estufasandaluzas.com\/tiendaonline\/?post_type=product&#038;p=73079"},"modified":"2026-01-20T11:34:05","modified_gmt":"2026-01-20T10:34:05","slug":"insertable-de-lenan-modelo-panama-f-3-5-2-2-2-2-2-2-4-3-4-4-3-3-2","status":"publish","type":"product","link":"https:\/\/www.estufasandaluzas.com\/tiendaonline\/producto\/insertable-de-lenan-modelo-panama-f-3-5-2-2-2-2-2-2-4-3-4-4-3-3-2\/","title":{"rendered":"Estufa de pellet  Fm 11,5 KW &#8211; Modelo BP-170 K"},"content":{"rendered":"<address>\n<address><strong><em>DISPONIBLE EN 3 COLORES:<\/em><\/strong><\/address>\n<address><strong><em>NEGRO &#8211; BLANCO &#8211; BURDEOS.<\/em><\/strong><\/address>\n<address><strong><em>\u00a0<\/em><\/strong><\/address>\n<address><strong>INCLUYE<\/strong><\/address>\n<address>Guante.<\/address>\n<address>\u00a0<\/address>\n<address>\u00a0<\/address>\n<address><strong>ACCESORIOS\u00a0<\/strong><strong>\/\u00a0<\/strong><strong>COMPLEMENTOS<\/strong><\/address>\n<address>\u00a0<\/address>\n<ul>\n<li>Canalizaci\u00f3n de aire caliente de 190 m3\/h y 55 w\u00a0\u00d8 80 mm.<\/li>\n<li>Mando radiofrecuencia.<\/li>\n<li>M\u00f3dulo Wifi.<\/li>\n<li>Mando a distancia.<\/li>\n<\/ul>\n<div><\/div>\n<address><strong>CARACTER\u00cdSTICAS T\u00c9CNICAS<\/strong><\/address>\n<address>\u00a0<\/address>\n<ul>\n<li>Potencia T\u00e9rmica Total: 11,5 KW \u2013 5,6 KW.<\/li>\n<li>\n<address>Potencia Nominal \u00datil: 11,0 KW \u2013 5,5 KW.<\/address>\n<\/li>\n<li>Rendimiento: 97 % &#8211; 98 %.<\/li>\n<li>Emisiones: 0,02 % &#8211; 0,02 %.<\/li>\n<li>Consumo: 2,31 kg \u2013 1,13 kg.<\/li>\n<li>Equipo Elaborado en Acero de hasta 5 mm.<\/li>\n<li>Puerta con Cord\u00f3n Vitrocer\u00e1mico.<\/li>\n<li>Equipado con Intercambiador de Fundici\u00f3n.<\/li>\n<li>Quemador de fundici\u00f3n.<\/li>\n<li>Interior Pintado en Pintura Antical\u00f3rica de 800 \u00baC.<\/li>\n<li>Revestimiento Pintado en Pintura Epoxi.<\/li>\n<li>Cristal Vitrocer\u00e1mico Serigrafiado de 750 \u00baC.<\/li>\n<li>Salida de Humos: Macho \u00d8 80 mm.<\/li>\n<li>Entrada Aire Primario: \u00d8 50 mm.<\/li>\n<li>Sistema de Cristal Limpio.<\/li>\n<li>Sistema RAC- Regulaci\u00f3n autom\u00e1tica de la combusti\u00f3n.<\/li>\n<li>Interior en acero.<\/li>\n<li>Combustible: Pellet de Madera.<\/li>\n<li>Volumen de la Tolva de 23 Litros.<\/li>\n<li>Encendido Autom\u00e1tico.<\/li>\n<li>Ventilador Tangencial: 410 m3\/h y 44 w.<\/li>\n<li>Volumen Calefactable: 300 m3.<\/li>\n<li>Dimensiones: 699 x 500 x 851 mm (ancho x fondo x alto).<\/li>\n<li>Peso: 150 kg<\/li>\n<\/ul>\n<p>&nbsp;<\/p>\n<\/address>\n","protected":false},"excerpt":{"rendered":"<ul>\n<li><span style=\"font-size: 13.3333px;\">ESTUFA DE PELLETS AIRE FRONTAL 11,5 KW. CRISTAL SERIGRAFIADO<\/span><\/li>\n<li>CONSULTAR PRECIO.<\/li>\n<\/ul>\n<div class=\"simbol\"><\/div>\n<div class=\"simbol\"><\/div>\n<div class=\"simbol\"><\/div>\n<div class=\"simbol\"><\/div>\n<div class=\"col-sm-12\"><\/div>\n","protected":false},"featured_media":73076,"comment_status":"closed","ping_status":"closed","template":"","meta":{"_kadence_starter_templates_imported_post":false,"_kad_post_transparent":"","_kad_post_title":"","_kad_post_layout":"","_kad_post_sidebar_id":"","_kad_post_content_style":"","_kad_post_vertical_padding":"","_kad_post_feature":"","_kad_post_feature_position":"","_kad_post_header":false,"_kad_post_footer":false,"_kad_post_classname":""},"product_brand":[],"product_cat":[94,96],"product_tag":[127,134,132,120],"berocket_brand":[179],"class_list":{"0":"post-73079","1":"product","2":"type-product","3":"status-publish","4":"has-post-thumbnail","6":"product_cat-estufas","7":"product_cat-pellet","8":"product_tag-estufa","9":"product_tag-estufa-lena","10":"product_tag-estufas-lenas-insertables","11":"product_tag-pellet","12":"berocket_brand-fm","14":"first","15":"instock","16":"taxable","17":"shipping-taxable","18":"product-type-simple","19":"entry","20":"content-bg","21":"loop-entry"},"_links":{"self":[{"href":"https:\/\/www.estufasandaluzas.com\/tiendaonline\/wp-json\/wp\/v2\/product\/73079","targetHints":{"allow":["GET"]}}],"collection":[{"href":"https:\/\/www.estufasandaluzas.com\/tiendaonline\/wp-json\/wp\/v2\/product"}],"about":[{"href":"https:\/\/www.estufasandaluzas.com\/tiendaonline\/wp-json\/wp\/v2\/types\/product"}],"replies":[{"embeddable":true,"href":"https:\/\/www.estufasandaluzas.com\/tiendaonline\/wp-json\/wp\/v2\/comments?post=73079"}],"wp:featuredmedia":[{"embeddable":true,"href":"https:\/\/www.estufasandaluzas.com\/tiendaonline\/wp-json\/wp\/v2\/media\/73076"}],"wp:attachment":[{"href":"https:\/\/www.estufasandaluzas.com\/tiendaonline\/wp-json\/wp\/v2\/media?parent=73079"}],"wp:term":[{"taxonomy":"product_brand","embeddable":true,"href":"https:\/\/www.estufasandaluzas.com\/tiendaonline\/wp-json\/wp\/v2\/product_brand?post=73079"},{"taxonomy":"product_cat","embeddable":true,"href":"https:\/\/www.estufasandaluzas.com\/tiendaonline\/wp-json\/wp\/v2\/product_cat?post=73079"},{"taxonomy":"product_tag","embeddable":true,"href":"https:\/\/www.estufasandaluzas.com\/tiendaonline\/wp-json\/wp\/v2\/product_tag?post=73079"},{"taxonomy":"berocket_brand","embeddable":true,"href":"https:\/\/www.estufasandaluzas.com\/tiendaonline\/wp-json\/wp\/v2\/berocket_brand?post=73079"}],"curies":[{"name":"wp","href":"https:\/\/api.w.org\/{rel}","templated":true}]}}