{"id":73113,"date":"2017-03-31T13:01:18","date_gmt":"2017-03-31T12:01:18","guid":{"rendered":"http:\/\/www.estufasandaluzas.com\/tiendaonline\/?post_type=product&#038;p=73113"},"modified":"2021-07-07T12:02:05","modified_gmt":"2021-07-07T11:02:05","slug":"estufa-de-pellet-modelo-vigo-3-3","status":"publish","type":"product","link":"https:\/\/www.estufasandaluzas.com\/tiendaonline\/producto\/estufa-de-pellet-modelo-vigo-3-3\/","title":{"rendered":"Estufa de Pellet &#8211; Modelo ZEFIRO"},"content":{"rendered":"<div class=\"col-md-6 col-sm-12\">\n<div class=\"row\">\n<p>&nbsp;<\/p>\n<p>&nbsp;<\/p>\n<h2>DESCRIPCI\u00d3N<\/h2>\n<p>\u2022 Pantalla de control retr\u00e1ctil<\/p>\n<p>\u2022 C\u00e1mara de combusti\u00f3n de cer\u00e1mica<\/p>\n<p>\u2022 Salida de humo superior, trasera<\/p>\n<p>\u2022 Revestimiento de cer\u00e1mica<\/p>\n<p>\u2022 El quemador patentado de Dielle<\/p>\n<p><b>Zefiro 50<\/b><br \/>\nPotencia\u00a0<b>6 kW<\/b><br \/>\nIdeal para \u00e1reas de hasta\u00a0<b>135m3<\/b><\/p>\n<p><b>Zefiro 50 + Silent<\/b><br \/>\nPotencia\u00a0<b>6 kW<\/b><br \/>\nIdeal para \u00e1reas de hasta\u00a0<b>135m3<\/b><\/p>\n<\/div>\n<\/div>\n","protected":false},"excerpt":{"rendered":"<p>&nbsp;<\/p>\n<div class=\"col-sm-12\">\n<p>Peque\u00f1a estufa de pellets con un vago dise\u00f1o retro. Cubierta de cer\u00e1mica y disponible en blanco o negro, esta estufa es la opci\u00f3n ideal para aquellos que buscan la tradici\u00f3n pero no quieren renunciar a la tecnolog\u00eda.<\/p>\n<p>Con una unidad de control oculta en el techo, es posible combinar un control remoto de mano, un panel de control y mucho m\u00e1s.<\/p>\n<p>CONSULTAR PRECIO<\/p>\n<p>&nbsp;<\/p>\n<\/div>\n","protected":false},"featured_media":73097,"comment_status":"open","ping_status":"closed","template":"","meta":{"_kadence_starter_templates_imported_post":false,"_kad_post_transparent":"","_kad_post_title":"","_kad_post_layout":"","_kad_post_sidebar_id":"","_kad_post_content_style":"","_kad_post_vertical_padding":"","_kad_post_feature":"","_kad_post_feature_position":"","_kad_post_header":false,"_kad_post_footer":false,"_kad_post_classname":""},"product_brand":[],"product_cat":[94,96],"product_tag":[],"berocket_brand":[191],"class_list":{"0":"post-73113","1":"product","2":"type-product","3":"status-publish","4":"has-post-thumbnail","6":"product_cat-estufas","7":"product_cat-pellet","8":"berocket_brand-dielle","10":"first","11":"instock","12":"taxable","13":"shipping-taxable","14":"product-type-simple","15":"entry","16":"content-bg","17":"loop-entry"},"_links":{"self":[{"href":"https:\/\/www.estufasandaluzas.com\/tiendaonline\/wp-json\/wp\/v2\/product\/73113","targetHints":{"allow":["GET"]}}],"collection":[{"href":"https:\/\/www.estufasandaluzas.com\/tiendaonline\/wp-json\/wp\/v2\/product"}],"about":[{"href":"https:\/\/www.estufasandaluzas.com\/tiendaonline\/wp-json\/wp\/v2\/types\/product"}],"replies":[{"embeddable":true,"href":"https:\/\/www.estufasandaluzas.com\/tiendaonline\/wp-json\/wp\/v2\/comments?post=73113"}],"wp:featuredmedia":[{"embeddable":true,"href":"https:\/\/www.estufasandaluzas.com\/tiendaonline\/wp-json\/wp\/v2\/media\/73097"}],"wp:attachment":[{"href":"https:\/\/www.estufasandaluzas.com\/tiendaonline\/wp-json\/wp\/v2\/media?parent=73113"}],"wp:term":[{"taxonomy":"product_brand","embeddable":true,"href":"https:\/\/www.estufasandaluzas.com\/tiendaonline\/wp-json\/wp\/v2\/product_brand?post=73113"},{"taxonomy":"product_cat","embeddable":true,"href":"https:\/\/www.estufasandaluzas.com\/tiendaonline\/wp-json\/wp\/v2\/product_cat?post=73113"},{"taxonomy":"product_tag","embeddable":true,"href":"https:\/\/www.estufasandaluzas.com\/tiendaonline\/wp-json\/wp\/v2\/product_tag?post=73113"},{"taxonomy":"berocket_brand","embeddable":true,"href":"https:\/\/www.estufasandaluzas.com\/tiendaonline\/wp-json\/wp\/v2\/berocket_brand?post=73113"}],"curies":[{"name":"wp","href":"https:\/\/api.w.org\/{rel}","templated":true}]}}