{"id":73125,"date":"2017-03-31T13:01:18","date_gmt":"2017-03-31T12:01:18","guid":{"rendered":"http:\/\/www.estufasandaluzas.com\/tiendaonline\/?post_type=product&#038;p=73125"},"modified":"2021-07-13T18:28:34","modified_gmt":"2021-07-13T17:28:34","slug":"estufa-de-pellet-modelo-vigo-3-4","status":"publish","type":"product","link":"https:\/\/www.estufasandaluzas.com\/tiendaonline\/producto\/estufa-de-pellet-modelo-vigo-3-4\/","title":{"rendered":"Estufa de Pellet &#8211; Modelo LEVANTE"},"content":{"rendered":"<div class=\"col-md-6 col-sm-12\">\n<div class=\"row\">\n<h2>DESCRIPCI\u00d3N<\/h2>\n<p>Tapa de cristal deslizante con pantalla oculta<\/p>\n<p>\u2022 C\u00e1mara de combusti\u00f3n de cer\u00e1mica<\/p>\n<p>\u2022 Mazo de cableado instalable<\/p>\n<p>\u2022 La puerta de cristal \u2018m\u00e1gica\u2019<\/p>\n<p>\u2022 El quemador patentado de Dielle<\/p>\n<p>\u2022 Paneles laterales de acero<\/p>\n<p><b>Levante 80<\/b><br \/>\nPotencia\u00a0<b>10 kW<\/b><br \/>\nIdeal para \u00e1reas de hasta\u00a0<b>230m3<\/b><\/p>\n<p><b>Levante 80 + Silent<\/b><br \/>\nPotencia\u00a0<b>10 kW<\/b><br \/>\nIdeal para \u00e1reas de hasta\u00a0<b>230m3<\/b><\/p>\n<p>&nbsp;<\/p>\n<\/div>\n<\/div>\n","protected":false},"excerpt":{"rendered":"<p>Estufa de pellets con una forma simple, pero de gran encanto. Paredes laterales de acero pintadas en 5 colores, techo corredizo y puerta de vidrio \u2018m\u00e1gica\u2019.<\/p>\n<p>Ya equipado con tecnolog\u00eda herm\u00e9tica, es posible solicitar el pr\u00e1ctico juego de tubos. Entre los diversos accesorios opcionales, puedes controlar la estufa desde tu smartphone<\/p>\n<p>CONSULTAR PRECIO.<\/p>\n<p><sup>\u00a0<\/sup><\/p>\n<div class=\"col-sm-12\">\n<p>&nbsp;<\/p>\n<p>CONSULTA PRECIO<\/p>\n<\/div>\n","protected":false},"featured_media":73124,"comment_status":"open","ping_status":"closed","template":"","meta":{"_kadence_starter_templates_imported_post":false,"_kad_post_transparent":"","_kad_post_title":"","_kad_post_layout":"","_kad_post_sidebar_id":"","_kad_post_content_style":"","_kad_post_vertical_padding":"","_kad_post_feature":"","_kad_post_feature_position":"","_kad_post_header":false,"_kad_post_footer":false,"_kad_post_classname":""},"product_brand":[],"product_cat":[94,96],"product_tag":[],"berocket_brand":[191],"class_list":{"0":"post-73125","1":"product","2":"type-product","3":"status-publish","4":"has-post-thumbnail","6":"product_cat-estufas","7":"product_cat-pellet","8":"berocket_brand-dielle","10":"first","11":"instock","12":"taxable","13":"shipping-taxable","14":"product-type-simple","15":"entry","16":"content-bg","17":"loop-entry"},"_links":{"self":[{"href":"https:\/\/www.estufasandaluzas.com\/tiendaonline\/wp-json\/wp\/v2\/product\/73125","targetHints":{"allow":["GET"]}}],"collection":[{"href":"https:\/\/www.estufasandaluzas.com\/tiendaonline\/wp-json\/wp\/v2\/product"}],"about":[{"href":"https:\/\/www.estufasandaluzas.com\/tiendaonline\/wp-json\/wp\/v2\/types\/product"}],"replies":[{"embeddable":true,"href":"https:\/\/www.estufasandaluzas.com\/tiendaonline\/wp-json\/wp\/v2\/comments?post=73125"}],"wp:featuredmedia":[{"embeddable":true,"href":"https:\/\/www.estufasandaluzas.com\/tiendaonline\/wp-json\/wp\/v2\/media\/73124"}],"wp:attachment":[{"href":"https:\/\/www.estufasandaluzas.com\/tiendaonline\/wp-json\/wp\/v2\/media?parent=73125"}],"wp:term":[{"taxonomy":"product_brand","embeddable":true,"href":"https:\/\/www.estufasandaluzas.com\/tiendaonline\/wp-json\/wp\/v2\/product_brand?post=73125"},{"taxonomy":"product_cat","embeddable":true,"href":"https:\/\/www.estufasandaluzas.com\/tiendaonline\/wp-json\/wp\/v2\/product_cat?post=73125"},{"taxonomy":"product_tag","embeddable":true,"href":"https:\/\/www.estufasandaluzas.com\/tiendaonline\/wp-json\/wp\/v2\/product_tag?post=73125"},{"taxonomy":"berocket_brand","embeddable":true,"href":"https:\/\/www.estufasandaluzas.com\/tiendaonline\/wp-json\/wp\/v2\/berocket_brand?post=73125"}],"curies":[{"name":"wp","href":"https:\/\/api.w.org\/{rel}","templated":true}]}}