{"id":73167,"date":"2017-04-04T19:44:30","date_gmt":"2017-04-04T18:44:30","guid":{"rendered":"http:\/\/www.estufasandaluzas.com\/tiendaonline\/?post_type=product&#038;p=73167"},"modified":"2023-02-13T10:56:34","modified_gmt":"2023-02-13T09:56:34","slug":"insertable-de-lenan-modelo-panama-f-3-5-2-2-2-2-2-2-4-3-4-2-2-2-5-2-2-3","status":"publish","type":"product","link":"https:\/\/www.estufasandaluzas.com\/tiendaonline\/producto\/insertable-de-lenan-modelo-panama-f-3-5-2-2-2-2-2-2-4-3-4-2-2-2-5-2-2-3\/","title":{"rendered":"Estufa de pellet canalizable Bronpi &#8211; Modelo LUPE"},"content":{"rendered":"<p>Caracter\u00edsticas<\/p>\n<ul>\n<li>Oasys Plus<\/li>\n<li>Sistema de Doble C\u00e1mara<\/li>\n<li>Sistema de Cristal Limpio<\/li>\n<li>Sistema de Modulaci\u00f3n<\/li>\n<li>Modelo dise\u00f1ado para un f\u00e1cil acceso a mantenimientos<\/li>\n<li>Compatible con Kit Wifi<\/li>\n<li>Programable<\/li>\n<li>Sistema de anti-retorno de llama<\/li>\n<li>Potencia m\u00e1x: 9,3kw<\/li>\n<li>Potencia m\u00e1x-m\u00edn (kW): 8,5-3,9kw<\/li>\n<li>Rendimiento (%): 91-92%<\/li>\n<li>Consumo m\u00e1x-m\u00edn (kg\/h): 1,96-0,88kg\/h<\/li>\n<li>Consumo el\u00e9ctrico (W): 150-300W<\/li>\n<li>Volumen calefactable (m<sup>3<\/sup>): 212m<sup>3<\/sup><\/li>\n<li>Capacidad del dep\u00f3sito (kg): 18kg<\/li>\n<li>Interior Met\u00e1lico<\/li>\n<li>Quemador en fundici\u00f3n<\/li>\n<li>Autonom\u00eda m\u00edn-m\u00e1x (h.): 9-20h<\/li>\n<li>Peso (kg): 123kg<\/li>\n<li>Di\u00e1metro salida de humos (mm): 80mm<\/li>\n<li>Di\u00e1metro aspiraci\u00f3n de aire (mm): 50mm<\/li>\n<li>Ventilaci\u00f3n forzada (n\u00b0 x m<sup>3<\/sup>): 1&#215;270<\/li>\n<li>Mando a distancia o centralita<\/li>\n<li>Posibilidad de salida de humos superior, lateral o trasera.<\/li>\n<li>Tolva Herm\u00e9tica<\/li>\n<li>Sistema seguridad: S1. Termostato seguridad pellet, Depres\u00edmetro<\/li>\n<li>Accesorios compatibles no incluidos: KIT WIFI<\/li>\n<\/ul>\n","protected":false},"excerpt":{"rendered":"<ul>\n<li><span style=\"font-size: 13.3333px;\">ESTUFA DE PELLET NOVEDAD 2021-2022<\/span><\/li>\n<li>CONSULTAR PRECIO.<\/li>\n<\/ul>\n<div class=\"simbol\"><\/div>\n<div class=\"simbol\"><span class=\"tooltips-link isimg\" title=\"\"><img loading=\"lazy\" decoding=\"async\" class=\"\" src=\"http:\/\/www.bronpi.com\/images\/ce_13229.jpg\" alt=\"ce 13229\" width=\"65\" height=\"40\" \/><\/span><\/div>\n<div class=\"simbol\"><span class=\"tooltips-link isimg\" title=\"\"><img loading=\"lazy\" decoding=\"async\" class=\"\" src=\"http:\/\/www.bronpi.com\/images\/dinplus.jpg\" alt=\"dinplus\" width=\"56\" height=\"31\" \/><\/span><\/div>\n<div class=\"simbol\"><span class=\"tooltips-link isimg\" title=\"\"><img loading=\"lazy\" decoding=\"async\" class=\"\" src=\"http:\/\/www.bronpi.com\/images\/I.BImSchV.jpg\" alt=\"I.BImSchV\" width=\"60\" height=\"33\" \/><\/span><\/div>\n<div class=\"simbol\"><\/div>\n<div class=\"col-sm-12\"><\/div>\n","protected":false},"featured_media":73166,"comment_status":"closed","ping_status":"closed","template":"","meta":{"_kadence_starter_templates_imported_post":false,"_kad_post_transparent":"","_kad_post_title":"","_kad_post_layout":"","_kad_post_sidebar_id":"","_kad_post_content_style":"","_kad_post_vertical_padding":"","_kad_post_feature":"","_kad_post_feature_position":"","_kad_post_header":false,"_kad_post_footer":false,"_kad_post_classname":""},"product_brand":[],"product_cat":[94,96],"product_tag":[127,134,195,192,147,132,120],"berocket_brand":[178],"class_list":{"0":"post-73167","1":"product","2":"type-product","3":"status-publish","4":"has-post-thumbnail","6":"product_cat-estufas","7":"product_cat-pellet","8":"product_tag-estufa","9":"product_tag-estufa-lena","10":"product_tag-estufa-pasillo-pellet","11":"product_tag-estufa-pellet","12":"product_tag-estufa-pellets","13":"product_tag-estufas-lenas-insertables","14":"product_tag-pellet","15":"berocket_brand-brompi","17":"first","18":"instock","19":"taxable","20":"shipping-taxable","21":"purchasable","22":"product-type-simple","23":"entry","24":"content-bg","25":"loop-entry"},"_links":{"self":[{"href":"https:\/\/www.estufasandaluzas.com\/tiendaonline\/wp-json\/wp\/v2\/product\/73167","targetHints":{"allow":["GET"]}}],"collection":[{"href":"https:\/\/www.estufasandaluzas.com\/tiendaonline\/wp-json\/wp\/v2\/product"}],"about":[{"href":"https:\/\/www.estufasandaluzas.com\/tiendaonline\/wp-json\/wp\/v2\/types\/product"}],"replies":[{"embeddable":true,"href":"https:\/\/www.estufasandaluzas.com\/tiendaonline\/wp-json\/wp\/v2\/comments?post=73167"}],"wp:featuredmedia":[{"embeddable":true,"href":"https:\/\/www.estufasandaluzas.com\/tiendaonline\/wp-json\/wp\/v2\/media\/73166"}],"wp:attachment":[{"href":"https:\/\/www.estufasandaluzas.com\/tiendaonline\/wp-json\/wp\/v2\/media?parent=73167"}],"wp:term":[{"taxonomy":"product_brand","embeddable":true,"href":"https:\/\/www.estufasandaluzas.com\/tiendaonline\/wp-json\/wp\/v2\/product_brand?post=73167"},{"taxonomy":"product_cat","embeddable":true,"href":"https:\/\/www.estufasandaluzas.com\/tiendaonline\/wp-json\/wp\/v2\/product_cat?post=73167"},{"taxonomy":"product_tag","embeddable":true,"href":"https:\/\/www.estufasandaluzas.com\/tiendaonline\/wp-json\/wp\/v2\/product_tag?post=73167"},{"taxonomy":"berocket_brand","embeddable":true,"href":"https:\/\/www.estufasandaluzas.com\/tiendaonline\/wp-json\/wp\/v2\/berocket_brand?post=73167"}],"curies":[{"name":"wp","href":"https:\/\/api.w.org\/{rel}","templated":true}]}}